{"id":87,"date":"2017-03-02T10:45:26","date_gmt":"2017-03-02T09:45:26","guid":{"rendered":"http:\/\/www.sapuzp.ba\/?page_id=87"},"modified":"2017-03-03T10:06:42","modified_gmt":"2017-03-03T09:06:42","slug":"pravni-okvir","status":"publish","type":"page","link":"https:\/\/www.sapuzp.ba\/?page_id=87","title":{"rendered":"Pravni okvir"},"content":{"rendered":"<p>Sindikat Agencije za pru\u017eanje usluga u zra\u010dnoj plovidbi djeluje u skladu sa Statutom koji mo\u017eete pogledati <a href=\"https:\/\/www.sapuzp.ba\/wp-content\/uploads\/2017\/02\/Statut-SAPUZP-MP-BiH-2016.pdf\">ovdje<\/a>.<\/p>\n<p>U prilogu <a href=\"https:\/\/www.sapuzp.ba\/wp-content\/uploads\/2017\/02\/Pravilnik-o-finansiranju-i-utro\u0161ku-sredstava-SAPUZP.pdf\">ovdje<\/a>\u00a0mo\u017eete pogledati\u00a0Pravilnik o finansiranju i utro\u0161ku sredstava Sindikat Agencije za pru\u017eanje usluga u zra\u010dnoj plovidbi.<\/p>\n<p><a href=\"http:\/\/www.mpr.gov.ba\/biblioteka\/zakoni\/bs\/Zakon%20o%20udruzenjima%20i%20fondacijama%20-%2032%20-%2001.pdf\">Ovdje<\/a> mo\u017eete pogledati Zakon o udru\u017eenjima i fondacijama Bosne i Hercegovine koji je formalno-pravni okvir na osnovu kojeg je formiran Sindikat Agencije za pru\u017eanje usluga u zra\u010dnoj plovidbi.<\/p>\n<p>&nbsp;<\/p>\n<p>&nbsp;<\/p>\n","protected":false},"excerpt":{"rendered":"<p>Sindikat Agencije za pru\u017eanje usluga u zra\u010dnoj plovidbi djeluje u skladu sa Statutom koji mo\u017eete pogledati ovdje. U prilogu ovdje\u00a0mo\u017eete pogledati\u00a0Pravilnik o finansiranju i utro\u0161ku sredstava Sindikat Agencije za pru\u017eanje usluga u zra\u010dnoj plovidbi. Ovdje mo\u017eete pogledati Zakon o udru\u017eenjima<\/p>\n","protected":false},"author":1,"featured_media":0,"parent":0,"menu_order":0,"comment_status":"closed","ping_status":"closed","template":"","meta":{"footnotes":""},"class_list":["post-87","page","type-page","status-publish","hentry"],"_links":{"self":[{"href":"https:\/\/www.sapuzp.ba\/index.php?rest_route=\/wp\/v2\/pages\/87","targetHints":{"allow":["GET"]}}],"collection":[{"href":"https:\/\/www.sapuzp.ba\/index.php?rest_route=\/wp\/v2\/pages"}],"about":[{"href":"https:\/\/www.sapuzp.ba\/index.php?rest_route=\/wp\/v2\/types\/page"}],"author":[{"embeddable":true,"href":"https:\/\/www.sapuzp.ba\/index.php?rest_route=\/wp\/v2\/users\/1"}],"replies":[{"embeddable":true,"href":"https:\/\/www.sapuzp.ba\/index.php?rest_route=%2Fwp%2Fv2%2Fcomments&post=87"}],"version-history":[{"count":5,"href":"https:\/\/www.sapuzp.ba\/index.php?rest_route=\/wp\/v2\/pages\/87\/revisions"}],"predecessor-version":[{"id":111,"href":"https:\/\/www.sapuzp.ba\/index.php?rest_route=\/wp\/v2\/pages\/87\/revisions\/111"}],"wp:attachment":[{"href":"https:\/\/www.sapuzp.ba\/index.php?rest_route=%2Fwp%2Fv2%2Fmedia&parent=87"}],"curies":[{"name":"wp","href":"https:\/\/api.w.org\/{rel}","templated":true}]}}