{"id":59,"date":"2017-02-03T14:15:43","date_gmt":"2017-02-03T14:15:43","guid":{"rendered":"http:\/\/www.sapuzp.ba\/?page_id=59"},"modified":"2017-03-03T09:57:19","modified_gmt":"2017-03-03T08:57:19","slug":"o-nama","status":"publish","type":"page","link":"https:\/\/www.sapuzp.ba\/?page_id=59","title":{"rendered":"O nama"},"content":{"rendered":"<p>Sindikat Agencije za pru\u017eanje usluga u zra\u010dnoj plovidbi osnovan je 26.12.2013. godine upisom u registar udru\u017eenja pri Ministarstvu pravde Bosne i Hercegovine.<\/p>\n<p>Kao apoliti\u010dka i nezavisna organizacija koja okuplja zaposlenike Agencije za pru\u017eanje usluga u zra\u010dnoj plovidbi SAPUZP svojim djelovanjem nastoji pobolj\u0161ati radno-pravni status svoga \u010dlanstva u samoj Agenciji, kao i biti dijelom procesa rada Agencije kroz inicijative, prijedloge, savjetovanja i druge raspolo\u017eive mehanizme u cilju stvaranja partnerskog odnosa sa poslodavcem.<\/p>\n<p>Sindikat Agencije za pru\u017eanje usluga u zra\u010dnoj plovidbi djeluje na principima samostalnosti, solidarnosti, javnosti, jednakopravnosti, odgovornosti prema svakom \u010dlanu Sindikata, te nezavisnosti prema poslodavcu, dr\u017eavnim i drugim institucijama.<\/p>\n<p>Ciljevi i djelatnosti Sindikata su:<\/p>\n<ol>\n<li>ostvarivanje prava na rad, za\u0161titu prava iz rada i po osnovu rada u Agenciji za pru\u017eanje usluga u zra\u010dnoj plovidbi Bosne i Hercegovine (u daljem tekstu: BHANSA);<\/li>\n<li>uticaj na dono\u0161enje i sprovo\u0111enje zakonske regulative od zna\u010daja za radnu, ekonomsku i socijalnu sigurnost \u010dlanstva Sindikata i njihova radno-pravna za\u0161tita;<\/li>\n<li>obezbje\u0111enje odgovaraju\u0107ih uslova za rad, humanizaciju rada i uvo\u0111enje savremenih sredstava rada i tehnologije;<\/li>\n<li>zalaganje za realnu cijenu radne snage kojom zaposlenik mo\u017ee obezbjediti zadovoljavanje osnovnih ekonomskih, socijalnih, kulturnih, obrazovnih i drugih potreba;<\/li>\n<li>izrada prijedloga kolektivnog ugovora i u\u010de\u0161\u0107e u pregovorima i zaklju\u010divanju kolektivnog ugovora za zaposlene u BHANSA;<\/li>\n<li>stvaranje uslova za dosljedno ostvarivanje radne, ekonomske i socijalne sigurnosti svojim \u010dlanovima;<\/li>\n<li>omasovljavanje \u010dlanstva;<\/li>\n<li>pobolj\u0161anje radnih uslova, uslova za\u0161tite na radu i zdravlja zaposlenika;<\/li>\n<li>pru\u017eanje besplatne pravne pomo\u0107i i edukacija \u010dlanova Sindikata;<\/li>\n<li>za\u0161tita dostojanstvo rada i njegovih vrijednosti;<\/li>\n<li>razvijanje sindikalne solidarnosti i uzajamnosti;<\/li>\n<li>pomo\u0107 pri rje\u0161avanju radno pravnog statusa zaposlenika;<\/li>\n<li>ja\u010danje sindikalnog pokreta i saradnja sa me\u0111unarodnim sindikatima i drugim organizacijama koje se bave za\u0161titom prava radnika;<\/li>\n<li>iznala\u017eenje mogu\u0107nosti za rje\u0161avanje egzistencijalnih problema \u010dlanova i obezbje\u0111enje materijalne i socijalne sigurnosti \u010dlanova Sindikata putem raznih vidova pomo\u0107i sa doma\u0107im i inostranim donatorima;<\/li>\n<li>saradnja sa nadle\u017enim organima i organizacijama, sindikatima, udru\u017eenjima u Bosni i Hercegovini i inostranstvu;<\/li>\n<li>dosljedno sprovo\u0111enje konvencija i me\u0111unarodnih ugovora, deklaracija, povelja, kojima se \u0161tite ljudska prava, sloboda i principi gra\u0111ana u Bosni i Hercegovini;<\/li>\n<li>zalaganje za ostvarivanje zajedni\u010dkih interesa \u010dlanstva i aktivnosti u vo\u0111enju pregovora, pobolj\u0161anju \u017eivotnih i radnih uslova kroz zaklju\u010divanje kolektivnog ugovora, utvr\u0111ivanje, razvoj i ostvarivanje zdravstvene za\u0161tite i socijalne politike.<\/li>\n<\/ol>\n","protected":false},"excerpt":{"rendered":"<p>Sindikat Agencije za pru\u017eanje usluga u zra\u010dnoj plovidbi osnovan je 26.12.2013. godine upisom u registar udru\u017eenja pri Ministarstvu pravde Bosne i Hercegovine. Kao apoliti\u010dka i nezavisna organizacija koja okuplja zaposlenike Agencije za pru\u017eanje usluga u zra\u010dnoj plovidbi SAPUZP svojim djelovanjem<\/p>\n","protected":false},"author":1,"featured_media":0,"parent":0,"menu_order":0,"comment_status":"closed","ping_status":"closed","template":"","meta":{"footnotes":""},"class_list":["post-59","page","type-page","status-publish","hentry"],"_links":{"self":[{"href":"https:\/\/www.sapuzp.ba\/index.php?rest_route=\/wp\/v2\/pages\/59","targetHints":{"allow":["GET"]}}],"collection":[{"href":"https:\/\/www.sapuzp.ba\/index.php?rest_route=\/wp\/v2\/pages"}],"about":[{"href":"https:\/\/www.sapuzp.ba\/index.php?rest_route=\/wp\/v2\/types\/page"}],"author":[{"embeddable":true,"href":"https:\/\/www.sapuzp.ba\/index.php?rest_route=\/wp\/v2\/users\/1"}],"replies":[{"embeddable":true,"href":"https:\/\/www.sapuzp.ba\/index.php?rest_route=%2Fwp%2Fv2%2Fcomments&post=59"}],"version-history":[{"count":5,"href":"https:\/\/www.sapuzp.ba\/index.php?rest_route=\/wp\/v2\/pages\/59\/revisions"}],"predecessor-version":[{"id":110,"href":"https:\/\/www.sapuzp.ba\/index.php?rest_route=\/wp\/v2\/pages\/59\/revisions\/110"}],"wp:attachment":[{"href":"https:\/\/www.sapuzp.ba\/index.php?rest_route=%2Fwp%2Fv2%2Fmedia&parent=59"}],"curies":[{"name":"wp","href":"https:\/\/api.w.org\/{rel}","templated":true}]}}