{"id":141,"date":"2017-03-22T10:50:39","date_gmt":"2017-03-22T09:50:39","guid":{"rendered":"http:\/\/www.sapuzp.ba\/?page_id=141"},"modified":"2017-07-12T10:29:35","modified_gmt":"2017-07-12T08:29:35","slug":"za-clanstvo","status":"publish","type":"page","link":"https:\/\/www.sapuzp.ba\/?page_id=141","title":{"rendered":"Za \u010dlanstvo"},"content":{"rendered":"<p>Obavje\u0161tavamo \u010dlanove \u00a0da SAPUZP ima sklopljene ugovore o saradnji sa sljede\u0107im pravnim subjektima:<\/p>\n<table class=\" alignleft\" style=\"width: 1024px; height: 1786px;\" cellspacing=\"Left\" cellpadding=\"Middle\">\n<tbody>\n<tr>\n<td style=\"text-align: center; width: 51.2px;\"><strong>Redni broj<\/strong><\/td>\n<td style=\"width: 152.8px; text-align: center;\"><strong>Naziv firme<\/strong><\/td>\n<td style=\"text-align: center; width: 133.6px;\"><strong>Obro\u010dno pla\u0107anje (beskamatno)<\/strong><\/td>\n<td style=\"text-align: center; width: 119.2px;\"><strong>Na\u010din odbijanja<\/strong><\/td>\n<td style=\"text-align: center; width: 70.4px;\"><strong>Popust<\/strong><\/td>\n<td style=\"text-align: center; width: 104.8px;\"><strong>Vrijeme trajanja ugovora<\/strong><\/td>\n<td style=\"text-align: center; width: 135.2px;\"><strong>Dodatne informacije<\/strong><\/td>\n<td style=\"text-align: center; width: 208.8px;\"><strong>Web<\/strong><\/td>\n<\/tr>\n<tr>\n<td style=\"width: 51.2px; text-align: left; vertical-align: middle;\"><strong>1<\/strong><\/td>\n<td style=\"width: 152.8px; text-align: left; vertical-align: middle;\"><strong>BH PASSPORT d.o.o.<\/strong><\/td>\n<td style=\"width: 133.6px; text-align: left; vertical-align: middle;\">do 6 rata<\/td>\n<td style=\"width: 119.2px; text-align: left; vertical-align: middle;\">administrativna zabrana<\/td>\n<td style=\"width: 70.4px; text-align: left; vertical-align: middle;\">&#8211;<\/td>\n<td style=\"width: 104.8px;\">Neograni\u010deno<\/td>\n<td style=\"width: 135.2px;\">Minimalni iznos rate 150KM.<\/p>\n<p>Odbitak prilikom isplate pla\u0107e.<\/td>\n<td style=\"width: 208.8px;\"><a href=\"https:\/\/www.bhpassport.ba\/\">https:\/\/www.bhpassport.ba\/<\/a><\/td>\n<\/tr>\n<tr>\n<td style=\"width: 51.2px; text-align: left; vertical-align: middle;\"><strong>2<\/strong><\/td>\n<td style=\"width: 152.8px; text-align: left; vertical-align: middle;\"><strong>Stani\u0107-Trade (Techno Shop)<\/strong><\/td>\n<td style=\"width: 133.6px; text-align: left; vertical-align: middle;\">do 9 rata<\/td>\n<td style=\"width: 119.2px; text-align: left; vertical-align: middle;\">administrativna zabrana<\/td>\n<td style=\"width: 70.4px; text-align: left; vertical-align: middle;\">&#8211;<\/td>\n<td style=\"width: 104.8px; text-align: left; vertical-align: middle;\">Neograni\u010deno<\/td>\n<td style=\"width: 135.2px; text-align: left; vertical-align: middle;\">Odbitak prilikom isplate pla\u0107e.<\/td>\n<td style=\"width: 208.8px; text-align: left; vertical-align: middle;\"><a href=\"https:\/\/technoshop.ba\/\">https:\/\/technoshop.ba\/<\/a><\/td>\n<\/tr>\n<tr>\n<td style=\"width: 51.2px;\"><strong>3<\/strong><\/td>\n<td style=\"width: 152.8px;\"><strong>UNITRADE d.o.o.<\/strong><\/td>\n<td style=\"width: 133.6px;\">do 6 rata<\/td>\n<td style=\"width: 119.2px;\">administrativna zabrana<\/td>\n<td style=\"width: 70.4px;\">10% na ugra\u0111ene dijelove i gume<\/td>\n<td style=\"width: 104.8px;\">Neograni\u010deno<\/td>\n<td style=\"width: 135.2px;\">Servisno odr\u017eavanje, popravak i ugradnja rezervnih dijelova za vozila.<\/p>\n<p>Odbitak prilikom isplate pla\u0107e.<\/td>\n<td style=\"width: 208.8px;\"><a href=\"http:\/\/unitrade.ba\/\">http:\/\/unitrade.ba\/<\/a><\/td>\n<\/tr>\n<tr>\n<td style=\"width: 51.2px;\"><strong>4<\/strong><\/td>\n<td style=\"width: 152.8px;\"><strong>ENERGOPETROL<\/strong><\/td>\n<td style=\"width: 133.6px;\">&#8211;<\/td>\n<td style=\"width: 119.2px;\">&#8211;<\/td>\n<td style=\"width: 70.4px;\">0.07 KM po litru za gorivo<\/td>\n<td style=\"width: 104.8px;\">Neograni\u010deno<\/td>\n<td style=\"width: 135.2px;\">Pla\u0107anje na licu mjesta uz kori\u0161tenje Yellow kartice. Ostvarivanje posebnih akcijskih pogodnosti. Dnevni limit kartice iznosi 250 KM, mjese\u010dni 250 litara, kori\u0161tenje maksimalno dva puta dnevno.<\/td>\n<td style=\"width: 208.8px;\"><a href=\"http:\/\/www.energopetrol.ba\/\">http:\/\/www.energopetrol.ba\/<\/a><\/td>\n<\/tr>\n<tr>\n<td style=\"width: 51.2px;\"><strong>5<\/strong><\/td>\n<td style=\"width: 152.8px;\"><strong>GUMA M<\/strong><\/td>\n<td style=\"width: 133.6px;\">&#8211;<\/td>\n<td style=\"width: 119.2px;\">&#8211;<\/td>\n<td style=\"width: 70.4px;\">5% na gume, 10% na kupovinu novog auta<\/td>\n<td style=\"width: 104.8px;\">Neograni\u010deno<\/td>\n<td style=\"width: 135.2px;\">Pitati na prodajnom mjestu da li se popust mo\u017ee ura\u010dunati na rate preko kartice (re\u010deno od strane direktora Guma M da je mogu\u0107e).<\/td>\n<td style=\"width: 208.8px;\"><a href=\"http:\/\/www.gumam.com\/\">http:\/\/www.gumam.com\/<\/a><\/td>\n<\/tr>\n<tr>\n<td style=\"width: 51.2px;\"><strong>6<\/strong><\/td>\n<td style=\"width: 152.8px;\"><strong>Planika Flex d.o.o.<\/strong><\/td>\n<td style=\"width: 133.6px;\">do 4 rate<\/td>\n<td style=\"width: 119.2px;\">Uplata do 15 u mjesecu<\/td>\n<td style=\"width: 70.4px;\">&#8211;<\/td>\n<td style=\"width: 104.8px;\">Neograni\u010deno<\/td>\n<td style=\"width: 135.2px;\">Uslijed nepravovremenog pla\u0107anja, obra\u010dunava se zakonom predvi\u0111ena kamata. Uplata na ra\u010dun 154001 1100050198 Intesa Sanpaulo banka d.d. Sarajevo ili sklapanje ugovora o odgo\u0111enom pla\u0107anju.<\/td>\n<td style=\"width: 208.8px;\"><a href=\"http:\/\/www.planika.ba\/\">http:\/\/www.planika.ba\/<\/a><\/td>\n<\/tr>\n<tr>\n<td style=\"width: 51.2px;\"><strong>7<\/strong><\/td>\n<td style=\"width: 152.8px;\"><strong>Imtec d.o.o.<\/strong><\/td>\n<td style=\"width: 133.6px;\">do 12 rata<\/td>\n<td style=\"width: 119.2px;\">administrativna zabrana<\/td>\n<td style=\"width: 70.4px;\">&#8211;<\/td>\n<td style=\"width: 104.8px;\">Neograni\u010deno<\/td>\n<td style=\"width: 135.2px;\">Uplata do 20-tog u mjesecu.<\/td>\n<td style=\"width: 208.8px;\"><a href=\"http:\/\/imtec.ba\/\">http:\/\/imtec.ba\/<\/a><\/td>\n<\/tr>\n<tr>\n<td style=\"width: 51.2px;\"><strong>8<\/strong><\/td>\n<td style=\"width: 152.8px;\"><strong>HB Trade d.o.o, Modiana, Beautique i Fashion Point<\/strong><\/td>\n<td style=\"width: 133.6px;\">do 6 rate<\/td>\n<td style=\"width: 119.2px;\">administrativna zabrana<\/td>\n<td style=\"width: 70.4px;\">&#8211;<\/td>\n<td style=\"width: 104.8px;\">Neograni\u010deno<\/td>\n<td style=\"width: 135.2px;\">Uplata prilikom dospije\u0107a plate.<\/td>\n<td style=\"width: 208.8px;\"><a href=\"http:\/\/www.modiana.ba\/\">http:\/\/www.modiana.ba\/<\/a><\/td>\n<\/tr>\n<tr>\n<td style=\"width: 51.2px;\"><strong>9<\/strong><\/td>\n<td style=\"width: 152.8px;\"><strong>AUTO NUI\u0106<\/strong><\/td>\n<td style=\"width: 133.6px;\">do 6 rata<\/td>\n<td style=\"width: 119.2px;\">Kartice<\/td>\n<td style=\"width: 70.4px;\">10% na sve dijelove u ponudi<\/td>\n<td style=\"width: 104.8px;\">Neograni\u010deno<\/td>\n<td style=\"width: 135.2px;\">Besplatan mali servis, izmjena ko\u010dnica, balansiranje i monta\u017ea guma.<\/td>\n<td style=\"width: 208.8px;\"><a href=\"http:\/\/autonuic.ba\/\">http:\/\/autonuic.ba\/<\/a><\/td>\n<\/tr>\n<tr>\n<td style=\"width: 51.2px;\"><strong>10<\/strong><\/td>\n<td style=\"width: 152.8px;\"><strong>M-BIKE<\/strong><\/td>\n<td style=\"width: 133.6px;\">&#8211;<\/td>\n<td style=\"width: 119.2px;\">&#8211;<\/td>\n<td style=\"width: 70.4px;\">9%<\/td>\n<td style=\"width: 104.8px;\">Neograni\u010deno<\/td>\n<td style=\"width: 135.2px;\">Popust na kupovinu bicikla.<\/td>\n<td style=\"width: 208.8px;\"><a href=\"http:\/\/m-bikeshop.com\/\">http:\/\/m-bikeshop.com\/<\/a><\/td>\n<\/tr>\n<\/tbody>\n<\/table>\n","protected":false},"excerpt":{"rendered":"<p>Obavje\u0161tavamo \u010dlanove \u00a0da SAPUZP ima sklopljene ugovore o saradnji sa sljede\u0107im pravnim subjektima: Redni broj Naziv firme Obro\u010dno pla\u0107anje (beskamatno) Na\u010din odbijanja Popust Vrijeme trajanja ugovora Dodatne informacije Web 1 BH PASSPORT d.o.o. do 6 rata administrativna zabrana &#8211; Neograni\u010deno<\/p>\n","protected":false},"author":1,"featured_media":0,"parent":0,"menu_order":0,"comment_status":"closed","ping_status":"closed","template":"","meta":{"footnotes":""},"class_list":["post-141","page","type-page","status-publish","hentry"],"_links":{"self":[{"href":"https:\/\/www.sapuzp.ba\/index.php?rest_route=\/wp\/v2\/pages\/141","targetHints":{"allow":["GET"]}}],"collection":[{"href":"https:\/\/www.sapuzp.ba\/index.php?rest_route=\/wp\/v2\/pages"}],"about":[{"href":"https:\/\/www.sapuzp.ba\/index.php?rest_route=\/wp\/v2\/types\/page"}],"author":[{"embeddable":true,"href":"https:\/\/www.sapuzp.ba\/index.php?rest_route=\/wp\/v2\/users\/1"}],"replies":[{"embeddable":true,"href":"https:\/\/www.sapuzp.ba\/index.php?rest_route=%2Fwp%2Fv2%2Fcomments&post=141"}],"version-history":[{"count":31,"href":"https:\/\/www.sapuzp.ba\/index.php?rest_route=\/wp\/v2\/pages\/141\/revisions"}],"predecessor-version":[{"id":201,"href":"https:\/\/www.sapuzp.ba\/index.php?rest_route=\/wp\/v2\/pages\/141\/revisions\/201"}],"wp:attachment":[{"href":"https:\/\/www.sapuzp.ba\/index.php?rest_route=%2Fwp%2Fv2%2Fmedia&parent=141"}],"curies":[{"name":"wp","href":"https:\/\/api.w.org\/{rel}","templated":true}]}}